{"id":2437,"date":"2020-12-10T19:38:46","date_gmt":"2020-12-10T19:38:46","guid":{"rendered":"http:\/\/khonggianxanh.online\/?page_id=2437"},"modified":"2022-04-27T05:00:39","modified_gmt":"2022-04-27T05:00:39","slug":"lien-he","status":"publish","type":"page","link":"https:\/\/ngutuongvien.vn\/blog\/lien-he\/","title":{"rendered":"Li\u00ean h\u1ec7"},"content":{"rendered":"<h2 style=\"text-align: left;\" align=\"right\">B\u1ea3n \u0111\u1ed3<\/h2>\n<p><iframe loading=\"lazy\" style=\"border: 0;\" tabindex=\"0\" src=\"https:\/\/www.google.com\/maps\/embed?pb=!1m18!1m12!1m3!1d3724.6743713594783!2d105.86675361488304!3d21.00568618601087!2m3!1f0!2f0!3f0!3m2!1i1024!2i768!4f13.1!3m3!1m2!1s0x3135ac075f5e264f%3A0x3e62c9bbe91633b9!2zMjg3IE5ndXnhu4VuIEtob8OhaSwgVGhhbmggTMawxqFuZywgSGFpIELDoCBUcsawbmcsIEjDoCBO4buZaSwgVmlldG5hbQ!5e0!3m2!1sen!2s!4v1607603925720!5m2!1sen!2s\" width=\"100%\" height=\"450\" frameborder=\"0\" allowfullscreen=\"allowfullscreen\" aria-hidden=\"false\"><span data-mce-type=\"bookmark\" style=\"display: inline-block; width: 0px; overflow: hidden; line-height: 0;\" class=\"mce_SELRES_start\">\ufeff<\/span><span data-mce-type=\"bookmark\" style=\"display: inline-block; width: 0px; overflow: hidden; line-height: 0;\" class=\"mce_SELRES_start\">\ufeff<\/span><span data-mce-type=\"bookmark\" style=\"display: inline-block; width: 0px; overflow: hidden; line-height: 0;\" class=\"mce_SELRES_start\">\ufeff<\/span><\/iframe><\/p>\n<h2 align=\"right\"><\/h2>\n<h2 style=\"text-align: left;\" align=\"right\">C\u00f4ng ty c\u1ed5 ph\u1ea7n Greenteck<\/h2>\n<ul>\n<li><strong>\u0110\u1ecba ch\u1ec9:<\/strong>\u00a0S\u1ed1 1 L\u00ea Qu\u00fd \u0110\u00f4n, Ph\u01b0\u1eddng B\u1ea1ch \u0110\u1eb1ng, Hai B\u00e0 Tr\u01b0ng, H\u00e0 N\u1ed9i<\/li>\n<li><strong>V\u0103n ph\u00f2ng giao d\u1ecbch:<\/strong> 1118 Nguy\u1ec5n Kho\u00e1i, Ph\u01b0\u1eddng Thanh L\u01b0\u01a1ng, Hai B\u00e0 Tr\u01b0ng, H\u00e0 N\u1ed9i<\/li>\n<li><strong>Hotline:\u00a0<\/strong><a href=\"tel:02466759957\">02466759957 \/ <\/a><a href=\"tel:0968669776\">0968669776<\/a><\/li>\n<li><strong>Email:<\/strong>\u00a0info@greenteck.vn<\/li>\n<li><strong>Website:<\/strong> <a href=\"https:\/\/www.greenteck.vn\/\">www.greenteck.vn<\/a><\/li>\n<\/ul>\n","protected":false},"excerpt":{"rendered":"<p>B\u1ea3n \u0111\u1ed3 \ufeff\ufeff\ufeff C\u00f4ng ty c\u1ed5 ph\u1ea7n Greenteck \u0110\u1ecba ch\u1ec9:\u00a0S\u1ed1 1 L\u00ea Qu\u00fd \u0110\u00f4n, Ph\u01b0\u1eddng B\u1ea1ch \u0110\u1eb1ng, Hai B\u00e0 Tr\u01b0ng, H\u00e0 N\u1ed9i V\u0103n ph\u00f2ng giao d\u1ecbch: 1118 Nguy\u1ec5n Kho\u00e1i, Ph\u01b0\u1eddng Thanh L\u01b0\u01a1ng, Hai B\u00e0 Tr\u01b0ng, H\u00e0 N\u1ed9i Hotline:\u00a002466759957 \/ 0968669776 Email:\u00a0info@greenteck.vn Website: www.greenteck.vn<\/p>\n","protected":false},"author":2,"featured_media":7170,"parent":0,"menu_order":0,"comment_status":"closed","ping_status":"closed","template":"","meta":{"footnotes":""},"gioi":[],"class_list":["post-2437","page","type-page","status-publish","has-post-thumbnail","hentry"],"yoast_head":"<!-- This site is optimized with the Yoast SEO plugin v25.3.1 - https:\/\/yoast.com\/wordpress\/plugins\/seo\/ -->\n<title>Li\u00ean h\u1ec7 - Ng\u0169 T\u01b0\u1eddng Vi\u00ean<\/title>\n<meta name=\"robots\" content=\"index, follow, max-snippet:-1, max-image-preview:large, max-video-preview:-1\" \/>\n<link rel=\"canonical\" href=\"https:\/\/ngutuongvien.vn\/blog\/lien-he\/\" \/>\n<meta property=\"og:locale\" content=\"vi_VN\" \/>\n<meta property=\"og:type\" content=\"article\" \/>\n<meta property=\"og:title\" content=\"Li\u00ean h\u1ec7 - Ng\u0169 T\u01b0\u1eddng Vi\u00ean\" \/>\n<meta property=\"og:description\" content=\"B\u1ea3n \u0111\u1ed3 \ufeff\ufeff\ufeff C\u00f4ng ty c\u1ed5 ph\u1ea7n Greenteck \u0110\u1ecba ch\u1ec9:\u00a0S\u1ed1 1 L\u00ea Qu\u00fd \u0110\u00f4n, Ph\u01b0\u1eddng B\u1ea1ch \u0110\u1eb1ng, Hai B\u00e0 Tr\u01b0ng, H\u00e0 N\u1ed9i V\u0103n ph\u00f2ng giao d\u1ecbch: 1118 Nguy\u1ec5n Kho\u00e1i, Ph\u01b0\u1eddng Thanh L\u01b0\u01a1ng, Hai B\u00e0 Tr\u01b0ng, H\u00e0 N\u1ed9i Hotline:\u00a002466759957 \/ 0968669776 Email:\u00a0info@greenteck.vn Website: www.greenteck.vn\" \/>\n<meta property=\"og:url\" content=\"https:\/\/ngutuongvien.vn\/blog\/lien-he\/\" \/>\n<meta property=\"og:site_name\" content=\"Ng\u0169 T\u01b0\u1eddng Vi\u00ean\" \/>\n<meta property=\"article:modified_time\" content=\"2022-04-27T05:00:39+00:00\" \/>\n<meta property=\"og:image\" content=\"https:\/\/vn1.vdrive.vn\/greenteck.vn\/2022\/01\/21.1..jpg\" \/>\n\t<meta property=\"og:image:width\" content=\"599\" \/>\n\t<meta property=\"og:image:height\" content=\"280\" \/>\n\t<meta property=\"og:image:type\" content=\"image\/jpeg\" \/>\n<meta name=\"twitter:card\" content=\"summary_large_image\" \/>\n<meta name=\"twitter:label1\" content=\"\u01af\u1edbc t\u00ednh th\u1eddi gian \u0111\u1ecdc\" \/>\n\t<meta name=\"twitter:data1\" content=\"1 ph\u00fat\" \/>\n<script type=\"application\/ld+json\" class=\"yoast-schema-graph\">{\"@context\":\"https:\/\/schema.org\",\"@graph\":[{\"@type\":\"WebPage\",\"@id\":\"https:\/\/ngutuongvien.vn\/blog\/lien-he\/\",\"url\":\"https:\/\/ngutuongvien.vn\/blog\/lien-he\/\",\"name\":\"Li\u00ean h\u1ec7 - Ng\u0169 T\u01b0\u1eddng Vi\u00ean\",\"isPartOf\":{\"@id\":\"https:\/\/ngutuongvien.vn\/blog\/#website\"},\"primaryImageOfPage\":{\"@id\":\"https:\/\/ngutuongvien.vn\/blog\/lien-he\/#primaryimage\"},\"image\":{\"@id\":\"https:\/\/ngutuongvien.vn\/blog\/lien-he\/#primaryimage\"},\"thumbnailUrl\":\"https:\/\/vn1.vdrive.vn\/greenteck.vn\/2022\/01\/21.1..jpg\",\"datePublished\":\"2020-12-10T19:38:46+00:00\",\"dateModified\":\"2022-04-27T05:00:39+00:00\",\"breadcrumb\":{\"@id\":\"https:\/\/ngutuongvien.vn\/blog\/lien-he\/#breadcrumb\"},\"inLanguage\":\"vi\",\"potentialAction\":[{\"@type\":\"ReadAction\",\"target\":[\"https:\/\/ngutuongvien.vn\/blog\/lien-he\/\"]}]},{\"@type\":\"ImageObject\",\"inLanguage\":\"vi\",\"@id\":\"https:\/\/ngutuongvien.vn\/blog\/lien-he\/#primaryimage\",\"url\":\"https:\/\/vn1.vdrive.vn\/greenteck.vn\/2022\/01\/21.1..jpg\",\"contentUrl\":\"https:\/\/vn1.vdrive.vn\/greenteck.vn\/2022\/01\/21.1..jpg\",\"width\":599,\"height\":280},{\"@type\":\"BreadcrumbList\",\"@id\":\"https:\/\/ngutuongvien.vn\/blog\/lien-he\/#breadcrumb\",\"itemListElement\":[{\"@type\":\"ListItem\",\"position\":1,\"name\":\"Trang ch\u1ee7\",\"item\":\"https:\/\/ngutuongvien.vn\/blog\/\"},{\"@type\":\"ListItem\",\"position\":2,\"name\":\"Li\u00ean h\u1ec7\"}]},{\"@type\":\"WebSite\",\"@id\":\"https:\/\/ngutuongvien.vn\/blog\/#website\",\"url\":\"https:\/\/ngutuongvien.vn\/blog\/\",\"name\":\"Ng\u0169 T\u01b0\u1eddng Vi\u00ean\",\"description\":\"\",\"potentialAction\":[{\"@type\":\"SearchAction\",\"target\":{\"@type\":\"EntryPoint\",\"urlTemplate\":\"https:\/\/ngutuongvien.vn\/blog\/?s={search_term_string}\"},\"query-input\":{\"@type\":\"PropertyValueSpecification\",\"valueRequired\":true,\"valueName\":\"search_term_string\"}}],\"inLanguage\":\"vi\"}]}<\/script>\n<!-- \/ Yoast SEO plugin. -->","yoast_head_json":{"title":"Li\u00ean h\u1ec7 - Ng\u0169 T\u01b0\u1eddng Vi\u00ean","robots":{"index":"index","follow":"follow","max-snippet":"max-snippet:-1","max-image-preview":"max-image-preview:large","max-video-preview":"max-video-preview:-1"},"canonical":"https:\/\/ngutuongvien.vn\/blog\/lien-he\/","og_locale":"vi_VN","og_type":"article","og_title":"Li\u00ean h\u1ec7 - Ng\u0169 T\u01b0\u1eddng Vi\u00ean","og_description":"B\u1ea3n \u0111\u1ed3 \ufeff\ufeff\ufeff C\u00f4ng ty c\u1ed5 ph\u1ea7n Greenteck \u0110\u1ecba ch\u1ec9:\u00a0S\u1ed1 1 L\u00ea Qu\u00fd \u0110\u00f4n, Ph\u01b0\u1eddng B\u1ea1ch \u0110\u1eb1ng, Hai B\u00e0 Tr\u01b0ng, H\u00e0 N\u1ed9i V\u0103n ph\u00f2ng giao d\u1ecbch: 1118 Nguy\u1ec5n Kho\u00e1i, Ph\u01b0\u1eddng Thanh L\u01b0\u01a1ng, Hai B\u00e0 Tr\u01b0ng, H\u00e0 N\u1ed9i Hotline:\u00a002466759957 \/ 0968669776 Email:\u00a0info@greenteck.vn Website: www.greenteck.vn","og_url":"https:\/\/ngutuongvien.vn\/blog\/lien-he\/","og_site_name":"Ng\u0169 T\u01b0\u1eddng Vi\u00ean","article_modified_time":"2022-04-27T05:00:39+00:00","og_image":[{"width":599,"height":280,"url":"https:\/\/vn1.vdrive.vn\/greenteck.vn\/2022\/01\/21.1..jpg","type":"image\/jpeg"}],"twitter_card":"summary_large_image","twitter_misc":{"\u01af\u1edbc t\u00ednh th\u1eddi gian \u0111\u1ecdc":"1 ph\u00fat"},"schema":{"@context":"https:\/\/schema.org","@graph":[{"@type":"WebPage","@id":"https:\/\/ngutuongvien.vn\/blog\/lien-he\/","url":"https:\/\/ngutuongvien.vn\/blog\/lien-he\/","name":"Li\u00ean h\u1ec7 - Ng\u0169 T\u01b0\u1eddng Vi\u00ean","isPartOf":{"@id":"https:\/\/ngutuongvien.vn\/blog\/#website"},"primaryImageOfPage":{"@id":"https:\/\/ngutuongvien.vn\/blog\/lien-he\/#primaryimage"},"image":{"@id":"https:\/\/ngutuongvien.vn\/blog\/lien-he\/#primaryimage"},"thumbnailUrl":"https:\/\/vn1.vdrive.vn\/greenteck.vn\/2022\/01\/21.1..jpg","datePublished":"2020-12-10T19:38:46+00:00","dateModified":"2022-04-27T05:00:39+00:00","breadcrumb":{"@id":"https:\/\/ngutuongvien.vn\/blog\/lien-he\/#breadcrumb"},"inLanguage":"vi","potentialAction":[{"@type":"ReadAction","target":["https:\/\/ngutuongvien.vn\/blog\/lien-he\/"]}]},{"@type":"ImageObject","inLanguage":"vi","@id":"https:\/\/ngutuongvien.vn\/blog\/lien-he\/#primaryimage","url":"https:\/\/vn1.vdrive.vn\/greenteck.vn\/2022\/01\/21.1..jpg","contentUrl":"https:\/\/vn1.vdrive.vn\/greenteck.vn\/2022\/01\/21.1..jpg","width":599,"height":280},{"@type":"BreadcrumbList","@id":"https:\/\/ngutuongvien.vn\/blog\/lien-he\/#breadcrumb","itemListElement":[{"@type":"ListItem","position":1,"name":"Trang ch\u1ee7","item":"https:\/\/ngutuongvien.vn\/blog\/"},{"@type":"ListItem","position":2,"name":"Li\u00ean h\u1ec7"}]},{"@type":"WebSite","@id":"https:\/\/ngutuongvien.vn\/blog\/#website","url":"https:\/\/ngutuongvien.vn\/blog\/","name":"Ng\u0169 T\u01b0\u1eddng Vi\u00ean","description":"","potentialAction":[{"@type":"SearchAction","target":{"@type":"EntryPoint","urlTemplate":"https:\/\/ngutuongvien.vn\/blog\/?s={search_term_string}"},"query-input":{"@type":"PropertyValueSpecification","valueRequired":true,"valueName":"search_term_string"}}],"inLanguage":"vi"}]}},"_links":{"self":[{"href":"https:\/\/ngutuongvien.vn\/blog\/wp-json\/wp\/v2\/pages\/2437","targetHints":{"allow":["GET"]}}],"collection":[{"href":"https:\/\/ngutuongvien.vn\/blog\/wp-json\/wp\/v2\/pages"}],"about":[{"href":"https:\/\/ngutuongvien.vn\/blog\/wp-json\/wp\/v2\/types\/page"}],"author":[{"embeddable":true,"href":"https:\/\/ngutuongvien.vn\/blog\/wp-json\/wp\/v2\/users\/2"}],"replies":[{"embeddable":true,"href":"https:\/\/ngutuongvien.vn\/blog\/wp-json\/wp\/v2\/comments?post=2437"}],"version-history":[{"count":0,"href":"https:\/\/ngutuongvien.vn\/blog\/wp-json\/wp\/v2\/pages\/2437\/revisions"}],"wp:featuredmedia":[{"embeddable":true,"href":"https:\/\/ngutuongvien.vn\/blog\/wp-json\/wp\/v2\/media\/7170"}],"wp:attachment":[{"href":"https:\/\/ngutuongvien.vn\/blog\/wp-json\/wp\/v2\/media?parent=2437"}],"wp:term":[{"taxonomy":"gioi","embeddable":true,"href":"https:\/\/ngutuongvien.vn\/blog\/wp-json\/wp\/v2\/gioi?post=2437"}],"curies":[{"name":"wp","href":"https:\/\/api.w.org\/{rel}","templated":true}]}}